{"id":116941,"date":"2021-01-27T05:26:36","date_gmt":"2021-01-27T03:26:36","guid":{"rendered":"https:\/\/sinuepood.ee\/product\/sheba-cuisine-kanalihaga-85g\/"},"modified":"2026-04-19T04:05:05","modified_gmt":"2026-04-19T01:05:05","slug":"sheba-cuisine-kanalihaga-85g","status":"publish","type":"product","link":"https:\/\/sinuepood.ee\/ru\/product\/sheba-cuisine-kanalihaga-85g\/","title":{"rendered":"SHEBA KIISUEINE KANALIHAGA 85G"},"content":{"rendered":"<p><strong>Toote kirjeldus:<\/strong><\/p>\n<p>Sheba on v\u00e4lja t\u00f6\u00f6tanud erilise valiku loomatoitu, mis koosneb \u00fclimaitsvatest roogadest, et kassi toitmine oleks iga kord puhas r\u00f5\u00f5m. T\u00f5eliselt kvaliteetne toit t\u00e4iskasvanud kassile sisaldab k\u00f5iki teie kaslasest s\u00f5brale vajalikke toitaineid. M\u00e4rgtoit sisaldab \u00f5rnalt k\u00fcpsetatud h\u00f5rgu maitsega kana, mida kassid jumaldavad. Kvaliteetsed kassitoidud ilma kunstlike v\u00e4rv- ja s\u00e4ilitusaineteta.<br \/>\n<strong>Koostisained:<\/strong><\/p>\n<p>liha ja loomsed k\u00f5rvalsaadused (s.h 4% kanaliha), teravili, mineraalained<\/p>\n","protected":false},"excerpt":{"rendered":"<p>Toote kirjeldus: Sheba on v\u00e4lja t\u00f6\u00f6tanud erilise valiku loomatoitu, mis koosneb \u00fclimaitsvatest roogadest, et kassi toitmine oleks iga kord puhas r\u00f5\u00f5m. T\u00f5eliselt kvaliteetne toit t\u00e4iskasvanud kassile sisaldab k\u00f5iki teie kaslasest s\u00f5brale vajalikke toitaineid. M\u00e4rgtoit sisaldab \u00f5rnalt k\u00fcpsetatud h\u00f5rgu maitsega kana, mida kassid jumaldavad. Kvaliteetsed kassitoidud ilma kunstlike v\u00e4rv- ja s\u00e4ilitusaineteta. Koostisained: liha ja loomsed k\u00f5rvalsaadused [&hellip;]<\/p>\n","protected":false},"featured_media":116942,"template":"","meta":{"_acf_changed":false},"product_brand":[],"product_cat":[106],"product_tag":[],"class_list":{"0":"post-116941","1":"product","2":"type-product","3":"status-publish","4":"has-post-thumbnail","6":"product_cat-kassitoidud","8":"first","9":"instock","10":"taxable","11":"shipping-taxable","12":"purchasable","13":"product-type-simple"},"acf":[],"yoast_head":"<!-- This site is optimized with the Yoast SEO plugin v26.8 - https:\/\/yoast.com\/product\/yoast-seo-wordpress\/ -->\n<title>SHEBA KIISUEINE KANALIHAGA 85G - Sinu Pood - E-pood<\/title>\n<meta name=\"robots\" content=\"index, follow, max-snippet:-1, max-image-preview:large, max-video-preview:-1\" \/>\n<link rel=\"canonical\" href=\"https:\/\/sinuepood.ee\/ru\/product\/sheba-cuisine-kanalihaga-85g\/\" \/>\n<meta property=\"og:locale\" content=\"ru_RU\" \/>\n<meta property=\"og:type\" content=\"article\" \/>\n<meta property=\"og:title\" content=\"SHEBA KIISUEINE KANALIHAGA 85G - Sinu Pood - E-pood\" \/>\n<meta property=\"og:description\" content=\"Toote kirjeldus: Sheba on v\u00e4lja t\u00f6\u00f6tanud erilise valiku loomatoitu, mis koosneb \u00fclimaitsvatest roogadest, et kassi toitmine oleks iga kord puhas r\u00f5\u00f5m. T\u00f5eliselt kvaliteetne toit t\u00e4iskasvanud kassile sisaldab k\u00f5iki teie kaslasest s\u00f5brale vajalikke toitaineid. M\u00e4rgtoit sisaldab \u00f5rnalt k\u00fcpsetatud h\u00f5rgu maitsega kana, mida kassid jumaldavad. Kvaliteetsed kassitoidud ilma kunstlike v\u00e4rv- ja s\u00e4ilitusaineteta. Koostisained: liha ja loomsed k\u00f5rvalsaadused [&hellip;]\" \/>\n<meta property=\"og:url\" content=\"https:\/\/sinuepood.ee\/ru\/product\/sheba-cuisine-kanalihaga-85g\/\" \/>\n<meta property=\"og:site_name\" content=\"Sinu Pood - E-pood\" \/>\n<meta property=\"article:modified_time\" content=\"2026-04-19T01:05:05+00:00\" \/>\n<meta property=\"og:image\" content=\"https:\/\/sinuepood.ee\/wp-content\/uploads\/product_images\/3065890098770.jpg\" \/>\n\t<meta property=\"og:image:width\" content=\"600\" \/>\n\t<meta property=\"og:image:height\" content=\"600\" \/>\n\t<meta property=\"og:image:type\" content=\"image\/jpeg\" \/>\n<meta name=\"twitter:card\" content=\"summary_large_image\" \/>\n<meta name=\"twitter:label1\" content=\"\u041f\u0440\u0438\u043c\u0435\u0440\u043d\u043e\u0435 \u0432\u0440\u0435\u043c\u044f \u0434\u043b\u044f \u0447\u0442\u0435\u043d\u0438\u044f\" \/>\n\t<meta name=\"twitter:data1\" content=\"1 \u043c\u0438\u043d\u0443\u0442\u0430\" \/>\n<script type=\"application\/ld+json\" class=\"yoast-schema-graph\">{\"@context\":\"https:\/\/schema.org\",\"@graph\":[{\"@type\":\"WebPage\",\"@id\":\"https:\/\/sinuepood.ee\/ru\/product\/sheba-cuisine-kanalihaga-85g\/\",\"url\":\"https:\/\/sinuepood.ee\/ru\/product\/sheba-cuisine-kanalihaga-85g\/\",\"name\":\"SHEBA KIISUEINE KANALIHAGA 85G - Sinu Pood - E-pood\",\"isPartOf\":{\"@id\":\"https:\/\/sinuepood.ee\/ru\/#website\"},\"primaryImageOfPage\":{\"@id\":\"https:\/\/sinuepood.ee\/ru\/product\/sheba-cuisine-kanalihaga-85g\/#primaryimage\"},\"image\":{\"@id\":\"https:\/\/sinuepood.ee\/ru\/product\/sheba-cuisine-kanalihaga-85g\/#primaryimage\"},\"thumbnailUrl\":\"https:\/\/sinuepood.ee\/wp-content\/uploads\/product_images\/3065890098770.jpg\",\"datePublished\":\"2021-01-27T03:26:36+00:00\",\"dateModified\":\"2026-04-19T01:05:05+00:00\",\"breadcrumb\":{\"@id\":\"https:\/\/sinuepood.ee\/ru\/product\/sheba-cuisine-kanalihaga-85g\/#breadcrumb\"},\"inLanguage\":\"ru-RU\",\"potentialAction\":[{\"@type\":\"ReadAction\",\"target\":[\"https:\/\/sinuepood.ee\/ru\/product\/sheba-cuisine-kanalihaga-85g\/\"]}]},{\"@type\":\"ImageObject\",\"inLanguage\":\"ru-RU\",\"@id\":\"https:\/\/sinuepood.ee\/ru\/product\/sheba-cuisine-kanalihaga-85g\/#primaryimage\",\"url\":\"https:\/\/sinuepood.ee\/wp-content\/uploads\/product_images\/3065890098770.jpg\",\"contentUrl\":\"https:\/\/sinuepood.ee\/wp-content\/uploads\/product_images\/3065890098770.jpg\",\"width\":600,\"height\":600},{\"@type\":\"BreadcrumbList\",\"@id\":\"https:\/\/sinuepood.ee\/ru\/product\/sheba-cuisine-kanalihaga-85g\/#breadcrumb\",\"itemListElement\":[{\"@type\":\"ListItem\",\"position\":1,\"name\":\"Home\",\"item\":\"https:\/\/sinuepood.ee\/ru\/\"},{\"@type\":\"ListItem\",\"position\":2,\"name\":\"Shop\",\"item\":\"https:\/\/sinuepood.ee\/shop\/\"},{\"@type\":\"ListItem\",\"position\":3,\"name\":\"SHEBA KIISUEINE KANALIHAGA 85G\"}]},{\"@type\":\"WebSite\",\"@id\":\"https:\/\/sinuepood.ee\/ru\/#website\",\"url\":\"https:\/\/sinuepood.ee\/ru\/\",\"name\":\"Sinu Pood - E-pood\",\"description\":\"\",\"potentialAction\":[{\"@type\":\"SearchAction\",\"target\":{\"@type\":\"EntryPoint\",\"urlTemplate\":\"https:\/\/sinuepood.ee\/ru\/?s={search_term_string}\"},\"query-input\":{\"@type\":\"PropertyValueSpecification\",\"valueRequired\":true,\"valueName\":\"search_term_string\"}}],\"inLanguage\":\"ru-RU\"}]}<\/script>\n<!-- \/ Yoast SEO plugin. -->","yoast_head_json":{"title":"SHEBA KIISUEINE KANALIHAGA 85G - Sinu Pood - E-pood","robots":{"index":"index","follow":"follow","max-snippet":"max-snippet:-1","max-image-preview":"max-image-preview:large","max-video-preview":"max-video-preview:-1"},"canonical":"https:\/\/sinuepood.ee\/ru\/product\/sheba-cuisine-kanalihaga-85g\/","og_locale":"ru_RU","og_type":"article","og_title":"SHEBA KIISUEINE KANALIHAGA 85G - Sinu Pood - E-pood","og_description":"Toote kirjeldus: Sheba on v\u00e4lja t\u00f6\u00f6tanud erilise valiku loomatoitu, mis koosneb \u00fclimaitsvatest roogadest, et kassi toitmine oleks iga kord puhas r\u00f5\u00f5m. T\u00f5eliselt kvaliteetne toit t\u00e4iskasvanud kassile sisaldab k\u00f5iki teie kaslasest s\u00f5brale vajalikke toitaineid. M\u00e4rgtoit sisaldab \u00f5rnalt k\u00fcpsetatud h\u00f5rgu maitsega kana, mida kassid jumaldavad. Kvaliteetsed kassitoidud ilma kunstlike v\u00e4rv- ja s\u00e4ilitusaineteta. Koostisained: liha ja loomsed k\u00f5rvalsaadused [&hellip;]","og_url":"https:\/\/sinuepood.ee\/ru\/product\/sheba-cuisine-kanalihaga-85g\/","og_site_name":"Sinu Pood - E-pood","article_modified_time":"2026-04-19T01:05:05+00:00","og_image":[{"width":600,"height":600,"url":"https:\/\/sinuepood.ee\/wp-content\/uploads\/product_images\/3065890098770.jpg","type":"image\/jpeg"}],"twitter_card":"summary_large_image","twitter_misc":{"\u041f\u0440\u0438\u043c\u0435\u0440\u043d\u043e\u0435 \u0432\u0440\u0435\u043c\u044f \u0434\u043b\u044f \u0447\u0442\u0435\u043d\u0438\u044f":"1 \u043c\u0438\u043d\u0443\u0442\u0430"},"schema":{"@context":"https:\/\/schema.org","@graph":[{"@type":"WebPage","@id":"https:\/\/sinuepood.ee\/ru\/product\/sheba-cuisine-kanalihaga-85g\/","url":"https:\/\/sinuepood.ee\/ru\/product\/sheba-cuisine-kanalihaga-85g\/","name":"SHEBA KIISUEINE KANALIHAGA 85G - Sinu Pood - E-pood","isPartOf":{"@id":"https:\/\/sinuepood.ee\/ru\/#website"},"primaryImageOfPage":{"@id":"https:\/\/sinuepood.ee\/ru\/product\/sheba-cuisine-kanalihaga-85g\/#primaryimage"},"image":{"@id":"https:\/\/sinuepood.ee\/ru\/product\/sheba-cuisine-kanalihaga-85g\/#primaryimage"},"thumbnailUrl":"https:\/\/sinuepood.ee\/wp-content\/uploads\/product_images\/3065890098770.jpg","datePublished":"2021-01-27T03:26:36+00:00","dateModified":"2026-04-19T01:05:05+00:00","breadcrumb":{"@id":"https:\/\/sinuepood.ee\/ru\/product\/sheba-cuisine-kanalihaga-85g\/#breadcrumb"},"inLanguage":"ru-RU","potentialAction":[{"@type":"ReadAction","target":["https:\/\/sinuepood.ee\/ru\/product\/sheba-cuisine-kanalihaga-85g\/"]}]},{"@type":"ImageObject","inLanguage":"ru-RU","@id":"https:\/\/sinuepood.ee\/ru\/product\/sheba-cuisine-kanalihaga-85g\/#primaryimage","url":"https:\/\/sinuepood.ee\/wp-content\/uploads\/product_images\/3065890098770.jpg","contentUrl":"https:\/\/sinuepood.ee\/wp-content\/uploads\/product_images\/3065890098770.jpg","width":600,"height":600},{"@type":"BreadcrumbList","@id":"https:\/\/sinuepood.ee\/ru\/product\/sheba-cuisine-kanalihaga-85g\/#breadcrumb","itemListElement":[{"@type":"ListItem","position":1,"name":"Home","item":"https:\/\/sinuepood.ee\/ru\/"},{"@type":"ListItem","position":2,"name":"Shop","item":"https:\/\/sinuepood.ee\/shop\/"},{"@type":"ListItem","position":3,"name":"SHEBA KIISUEINE KANALIHAGA 85G"}]},{"@type":"WebSite","@id":"https:\/\/sinuepood.ee\/ru\/#website","url":"https:\/\/sinuepood.ee\/ru\/","name":"Sinu Pood - E-pood","description":"","potentialAction":[{"@type":"SearchAction","target":{"@type":"EntryPoint","urlTemplate":"https:\/\/sinuepood.ee\/ru\/?s={search_term_string}"},"query-input":{"@type":"PropertyValueSpecification","valueRequired":true,"valueName":"search_term_string"}}],"inLanguage":"ru-RU"}]}},"_links":{"self":[{"href":"https:\/\/sinuepood.ee\/ru\/wp-json\/wp\/v2\/product\/116941","targetHints":{"allow":["GET"]}}],"collection":[{"href":"https:\/\/sinuepood.ee\/ru\/wp-json\/wp\/v2\/product"}],"about":[{"href":"https:\/\/sinuepood.ee\/ru\/wp-json\/wp\/v2\/types\/product"}],"wp:featuredmedia":[{"embeddable":true,"href":"https:\/\/sinuepood.ee\/ru\/wp-json\/wp\/v2\/media\/116942"}],"wp:attachment":[{"href":"https:\/\/sinuepood.ee\/ru\/wp-json\/wp\/v2\/media?parent=116941"}],"wp:term":[{"taxonomy":"product_brand","embeddable":true,"href":"https:\/\/sinuepood.ee\/ru\/wp-json\/wp\/v2\/product_brand?post=116941"},{"taxonomy":"product_cat","embeddable":true,"href":"https:\/\/sinuepood.ee\/ru\/wp-json\/wp\/v2\/product_cat?post=116941"},{"taxonomy":"product_tag","embeddable":true,"href":"https:\/\/sinuepood.ee\/ru\/wp-json\/wp\/v2\/product_tag?post=116941"}],"curies":[{"name":"wp","href":"https:\/\/api.w.org\/{rel}","templated":true}]}}