{"id":117695,"date":"2021-01-27T05:29:04","date_gmt":"2021-01-27T03:29:04","guid":{"rendered":"https:\/\/sinuepood.ee\/product\/voimix-400g-vahend-rasvasis-margar-60\/"},"modified":"2026-04-19T02:10:24","modified_gmt":"2026-04-18T23:10:24","slug":"voimix-400g-vahend-rasvasis-margar-60","status":"publish","type":"product","link":"https:\/\/sinuepood.ee\/ru\/product\/voimix-400g-vahend-rasvasis-margar-60\/","title":{"rendered":"VOIMIX 400G 60%"},"content":{"rendered":"<p>Margariin v\u00e4hendatud rasvasisaldusega 60%.<br \/>\n<strong>Koostis:<\/strong><br \/>\nRapsi\u00f5li (33%) ja taimsed rasvad (MB-palmi- ja kookosp\u00e4hkli\u00f5li muutuvas vahekorras), vesi, sool (1,2%), emulgaatorid (p\u00e4evalille letsitiin, rasvhapete mono- ja digl\u00fctseriidid), happesuse regulaatorid (naatriumkarbonaat, sidrunhape), A- ja D-vitamiinid, l\u00f5hnaained, v\u00e4rvaine (beeta-karoteen).<br \/>\n<strong>100 grammi kohta:<\/strong><br \/>\nEnergiasisaldus (KJ\/Kcal) 2259,4kJ\/540kcal,<br \/>\nRasvad (g) 60,00,<br \/>\nMillest k\u00fcllastunud rasvhapped (g) 22,00,<br \/>\nS\u00fcsivesikud (g) 0,00,<br \/>\nMillest suhkrud (g) 0,00,<br \/>\nValgud (g) 0,00,<br \/>\nSool (g) 1,20<\/p>\n","protected":false},"excerpt":{"rendered":"<p>Margariin v\u00e4hendatud rasvasisaldusega 60%. Koostis: Rapsi\u00f5li (33%) ja taimsed rasvad (MB-palmi- ja kookosp\u00e4hkli\u00f5li muutuvas vahekorras), vesi, sool (1,2%), emulgaatorid (p\u00e4evalille letsitiin, rasvhapete mono- ja digl\u00fctseriidid), happesuse regulaatorid (naatriumkarbonaat, sidrunhape), A- ja D-vitamiinid, l\u00f5hnaained, v\u00e4rvaine (beeta-karoteen). 100 grammi kohta: Energiasisaldus (KJ\/Kcal) 2259,4kJ\/540kcal, Rasvad (g) 60,00, Millest k\u00fcllastunud rasvhapped (g) 22,00, S\u00fcsivesikud (g) 0,00, Millest suhkrud (g) [&hellip;]<\/p>\n","protected":false},"featured_media":117696,"template":"","meta":{"_acf_changed":false},"product_brand":[],"product_cat":[135],"product_tag":[],"class_list":{"0":"post-117695","1":"product","2":"type-product","3":"status-publish","4":"has-post-thumbnail","6":"product_cat-void","8":"first","9":"instock","10":"taxable","11":"shipping-taxable","12":"purchasable","13":"product-type-simple"},"acf":[],"yoast_head":"<!-- This site is optimized with the Yoast SEO plugin v26.8 - https:\/\/yoast.com\/product\/yoast-seo-wordpress\/ -->\n<title>VOIMIX 400G 60% - Sinu Pood - E-pood<\/title>\n<meta name=\"robots\" content=\"index, follow, max-snippet:-1, max-image-preview:large, max-video-preview:-1\" \/>\n<link rel=\"canonical\" href=\"https:\/\/sinuepood.ee\/ru\/product\/voimix-400g-vahend-rasvasis-margar-60\/\" \/>\n<meta property=\"og:locale\" content=\"ru_RU\" \/>\n<meta property=\"og:type\" content=\"article\" \/>\n<meta property=\"og:title\" content=\"VOIMIX 400G 60% - Sinu Pood - E-pood\" \/>\n<meta property=\"og:description\" content=\"Margariin v\u00e4hendatud rasvasisaldusega 60%. Koostis: Rapsi\u00f5li (33%) ja taimsed rasvad (MB-palmi- ja kookosp\u00e4hkli\u00f5li muutuvas vahekorras), vesi, sool (1,2%), emulgaatorid (p\u00e4evalille letsitiin, rasvhapete mono- ja digl\u00fctseriidid), happesuse regulaatorid (naatriumkarbonaat, sidrunhape), A- ja D-vitamiinid, l\u00f5hnaained, v\u00e4rvaine (beeta-karoteen). 100 grammi kohta: Energiasisaldus (KJ\/Kcal) 2259,4kJ\/540kcal, Rasvad (g) 60,00, Millest k\u00fcllastunud rasvhapped (g) 22,00, S\u00fcsivesikud (g) 0,00, Millest suhkrud (g) [&hellip;]\" \/>\n<meta property=\"og:url\" content=\"https:\/\/sinuepood.ee\/ru\/product\/voimix-400g-vahend-rasvasis-margar-60\/\" \/>\n<meta property=\"og:site_name\" content=\"Sinu Pood - E-pood\" \/>\n<meta property=\"article:modified_time\" content=\"2026-04-18T23:10:24+00:00\" \/>\n<meta property=\"og:image\" content=\"https:\/\/sinuepood.ee\/wp-content\/uploads\/product_images\/6438207011873.jpg\" \/>\n\t<meta property=\"og:image:width\" content=\"600\" \/>\n\t<meta property=\"og:image:height\" content=\"600\" \/>\n\t<meta property=\"og:image:type\" content=\"image\/jpeg\" \/>\n<meta name=\"twitter:card\" content=\"summary_large_image\" \/>\n<meta name=\"twitter:label1\" content=\"\u041f\u0440\u0438\u043c\u0435\u0440\u043d\u043e\u0435 \u0432\u0440\u0435\u043c\u044f \u0434\u043b\u044f \u0447\u0442\u0435\u043d\u0438\u044f\" \/>\n\t<meta name=\"twitter:data1\" content=\"1 \u043c\u0438\u043d\u0443\u0442\u0430\" \/>\n<script type=\"application\/ld+json\" class=\"yoast-schema-graph\">{\"@context\":\"https:\/\/schema.org\",\"@graph\":[{\"@type\":\"WebPage\",\"@id\":\"https:\/\/sinuepood.ee\/ru\/product\/voimix-400g-vahend-rasvasis-margar-60\/\",\"url\":\"https:\/\/sinuepood.ee\/ru\/product\/voimix-400g-vahend-rasvasis-margar-60\/\",\"name\":\"VOIMIX 400G 60% - Sinu Pood - E-pood\",\"isPartOf\":{\"@id\":\"https:\/\/sinuepood.ee\/ru\/#website\"},\"primaryImageOfPage\":{\"@id\":\"https:\/\/sinuepood.ee\/ru\/product\/voimix-400g-vahend-rasvasis-margar-60\/#primaryimage\"},\"image\":{\"@id\":\"https:\/\/sinuepood.ee\/ru\/product\/voimix-400g-vahend-rasvasis-margar-60\/#primaryimage\"},\"thumbnailUrl\":\"https:\/\/sinuepood.ee\/wp-content\/uploads\/product_images\/6438207011873.jpg\",\"datePublished\":\"2021-01-27T03:29:04+00:00\",\"dateModified\":\"2026-04-18T23:10:24+00:00\",\"breadcrumb\":{\"@id\":\"https:\/\/sinuepood.ee\/ru\/product\/voimix-400g-vahend-rasvasis-margar-60\/#breadcrumb\"},\"inLanguage\":\"ru-RU\",\"potentialAction\":[{\"@type\":\"ReadAction\",\"target\":[\"https:\/\/sinuepood.ee\/ru\/product\/voimix-400g-vahend-rasvasis-margar-60\/\"]}]},{\"@type\":\"ImageObject\",\"inLanguage\":\"ru-RU\",\"@id\":\"https:\/\/sinuepood.ee\/ru\/product\/voimix-400g-vahend-rasvasis-margar-60\/#primaryimage\",\"url\":\"https:\/\/sinuepood.ee\/wp-content\/uploads\/product_images\/6438207011873.jpg\",\"contentUrl\":\"https:\/\/sinuepood.ee\/wp-content\/uploads\/product_images\/6438207011873.jpg\",\"width\":600,\"height\":600},{\"@type\":\"BreadcrumbList\",\"@id\":\"https:\/\/sinuepood.ee\/ru\/product\/voimix-400g-vahend-rasvasis-margar-60\/#breadcrumb\",\"itemListElement\":[{\"@type\":\"ListItem\",\"position\":1,\"name\":\"Home\",\"item\":\"https:\/\/sinuepood.ee\/ru\/\"},{\"@type\":\"ListItem\",\"position\":2,\"name\":\"Shop\",\"item\":\"https:\/\/sinuepood.ee\/shop\/\"},{\"@type\":\"ListItem\",\"position\":3,\"name\":\"VOIMIX 400G 60%\"}]},{\"@type\":\"WebSite\",\"@id\":\"https:\/\/sinuepood.ee\/ru\/#website\",\"url\":\"https:\/\/sinuepood.ee\/ru\/\",\"name\":\"Sinu Pood - E-pood\",\"description\":\"\",\"potentialAction\":[{\"@type\":\"SearchAction\",\"target\":{\"@type\":\"EntryPoint\",\"urlTemplate\":\"https:\/\/sinuepood.ee\/ru\/?s={search_term_string}\"},\"query-input\":{\"@type\":\"PropertyValueSpecification\",\"valueRequired\":true,\"valueName\":\"search_term_string\"}}],\"inLanguage\":\"ru-RU\"}]}<\/script>\n<!-- \/ Yoast SEO plugin. -->","yoast_head_json":{"title":"VOIMIX 400G 60% - Sinu Pood - E-pood","robots":{"index":"index","follow":"follow","max-snippet":"max-snippet:-1","max-image-preview":"max-image-preview:large","max-video-preview":"max-video-preview:-1"},"canonical":"https:\/\/sinuepood.ee\/ru\/product\/voimix-400g-vahend-rasvasis-margar-60\/","og_locale":"ru_RU","og_type":"article","og_title":"VOIMIX 400G 60% - Sinu Pood - E-pood","og_description":"Margariin v\u00e4hendatud rasvasisaldusega 60%. Koostis: Rapsi\u00f5li (33%) ja taimsed rasvad (MB-palmi- ja kookosp\u00e4hkli\u00f5li muutuvas vahekorras), vesi, sool (1,2%), emulgaatorid (p\u00e4evalille letsitiin, rasvhapete mono- ja digl\u00fctseriidid), happesuse regulaatorid (naatriumkarbonaat, sidrunhape), A- ja D-vitamiinid, l\u00f5hnaained, v\u00e4rvaine (beeta-karoteen). 100 grammi kohta: Energiasisaldus (KJ\/Kcal) 2259,4kJ\/540kcal, Rasvad (g) 60,00, Millest k\u00fcllastunud rasvhapped (g) 22,00, S\u00fcsivesikud (g) 0,00, Millest suhkrud (g) [&hellip;]","og_url":"https:\/\/sinuepood.ee\/ru\/product\/voimix-400g-vahend-rasvasis-margar-60\/","og_site_name":"Sinu Pood - E-pood","article_modified_time":"2026-04-18T23:10:24+00:00","og_image":[{"width":600,"height":600,"url":"https:\/\/sinuepood.ee\/wp-content\/uploads\/product_images\/6438207011873.jpg","type":"image\/jpeg"}],"twitter_card":"summary_large_image","twitter_misc":{"\u041f\u0440\u0438\u043c\u0435\u0440\u043d\u043e\u0435 \u0432\u0440\u0435\u043c\u044f \u0434\u043b\u044f \u0447\u0442\u0435\u043d\u0438\u044f":"1 \u043c\u0438\u043d\u0443\u0442\u0430"},"schema":{"@context":"https:\/\/schema.org","@graph":[{"@type":"WebPage","@id":"https:\/\/sinuepood.ee\/ru\/product\/voimix-400g-vahend-rasvasis-margar-60\/","url":"https:\/\/sinuepood.ee\/ru\/product\/voimix-400g-vahend-rasvasis-margar-60\/","name":"VOIMIX 400G 60% - Sinu Pood - E-pood","isPartOf":{"@id":"https:\/\/sinuepood.ee\/ru\/#website"},"primaryImageOfPage":{"@id":"https:\/\/sinuepood.ee\/ru\/product\/voimix-400g-vahend-rasvasis-margar-60\/#primaryimage"},"image":{"@id":"https:\/\/sinuepood.ee\/ru\/product\/voimix-400g-vahend-rasvasis-margar-60\/#primaryimage"},"thumbnailUrl":"https:\/\/sinuepood.ee\/wp-content\/uploads\/product_images\/6438207011873.jpg","datePublished":"2021-01-27T03:29:04+00:00","dateModified":"2026-04-18T23:10:24+00:00","breadcrumb":{"@id":"https:\/\/sinuepood.ee\/ru\/product\/voimix-400g-vahend-rasvasis-margar-60\/#breadcrumb"},"inLanguage":"ru-RU","potentialAction":[{"@type":"ReadAction","target":["https:\/\/sinuepood.ee\/ru\/product\/voimix-400g-vahend-rasvasis-margar-60\/"]}]},{"@type":"ImageObject","inLanguage":"ru-RU","@id":"https:\/\/sinuepood.ee\/ru\/product\/voimix-400g-vahend-rasvasis-margar-60\/#primaryimage","url":"https:\/\/sinuepood.ee\/wp-content\/uploads\/product_images\/6438207011873.jpg","contentUrl":"https:\/\/sinuepood.ee\/wp-content\/uploads\/product_images\/6438207011873.jpg","width":600,"height":600},{"@type":"BreadcrumbList","@id":"https:\/\/sinuepood.ee\/ru\/product\/voimix-400g-vahend-rasvasis-margar-60\/#breadcrumb","itemListElement":[{"@type":"ListItem","position":1,"name":"Home","item":"https:\/\/sinuepood.ee\/ru\/"},{"@type":"ListItem","position":2,"name":"Shop","item":"https:\/\/sinuepood.ee\/shop\/"},{"@type":"ListItem","position":3,"name":"VOIMIX 400G 60%"}]},{"@type":"WebSite","@id":"https:\/\/sinuepood.ee\/ru\/#website","url":"https:\/\/sinuepood.ee\/ru\/","name":"Sinu Pood - E-pood","description":"","potentialAction":[{"@type":"SearchAction","target":{"@type":"EntryPoint","urlTemplate":"https:\/\/sinuepood.ee\/ru\/?s={search_term_string}"},"query-input":{"@type":"PropertyValueSpecification","valueRequired":true,"valueName":"search_term_string"}}],"inLanguage":"ru-RU"}]}},"_links":{"self":[{"href":"https:\/\/sinuepood.ee\/ru\/wp-json\/wp\/v2\/product\/117695","targetHints":{"allow":["GET"]}}],"collection":[{"href":"https:\/\/sinuepood.ee\/ru\/wp-json\/wp\/v2\/product"}],"about":[{"href":"https:\/\/sinuepood.ee\/ru\/wp-json\/wp\/v2\/types\/product"}],"wp:featuredmedia":[{"embeddable":true,"href":"https:\/\/sinuepood.ee\/ru\/wp-json\/wp\/v2\/media\/117696"}],"wp:attachment":[{"href":"https:\/\/sinuepood.ee\/ru\/wp-json\/wp\/v2\/media?parent=117695"}],"wp:term":[{"taxonomy":"product_brand","embeddable":true,"href":"https:\/\/sinuepood.ee\/ru\/wp-json\/wp\/v2\/product_brand?post=117695"},{"taxonomy":"product_cat","embeddable":true,"href":"https:\/\/sinuepood.ee\/ru\/wp-json\/wp\/v2\/product_cat?post=117695"},{"taxonomy":"product_tag","embeddable":true,"href":"https:\/\/sinuepood.ee\/ru\/wp-json\/wp\/v2\/product_tag?post=117695"}],"curies":[{"name":"wp","href":"https:\/\/api.w.org\/{rel}","templated":true}]}}