{"id":127604,"date":"2021-03-15T18:02:59","date_gmt":"2021-03-15T16:02:59","guid":{"rendered":"https:\/\/sinuepood.ee\/product\/actimel-pudel-1-54-100gr-puuvilia\/"},"modified":"2026-04-19T02:01:47","modified_gmt":"2026-04-18T23:01:47","slug":"actimel-pudel-1-54-100gr-puuvilia","status":"publish","type":"product","link":"https:\/\/sinuepood.ee\/ru\/product\/actimel-pudel-1-54-100gr-puuvilia\/","title":{"rendered":"ACTIMEL PUUVILJA 4*100GR"},"content":{"rendered":"<p><strong>Koostis:<\/strong><br \/>\nOsaliselt kooritud PIIM, taastatud kooritud PIIM, suhkur, puuviljamahl kontsentraadist 2,1% (ananassi 1%, virsiku 0,6%, apelsini 0,25%, maasika 0,25%), dekstroos, modifitseeritud tapiot\u00e4rklis, pektiin, looduslikud l\u00f5hna- ja maitseained, JOGURTifermendid ja Lacobacillus casei CNCM I.1518 (mitte v\u00e4hem kui 10\u2078 \u00fchikut\/g), happesuse regulaator (sidrunhape) vitamiin B6, D-vitamiin.<br \/>\n<strong>Allergeenid:<\/strong><br \/>\nPiim<br \/>\n<strong>Toitumisalane teave<\/strong><br \/>\n<strong>100 grammi kohta:<\/strong><br \/>\nEnergiasisaldus (KJ\/Kcal) 326,4kJ\/78kcal<br \/>\nRasvad (g) 1,50<br \/>\nMillest k\u00fcllastunud rasvhapped (g) 1,00<br \/>\nS\u00fcsivesikud (g) 12,40<br \/>\nMillest suhkrud (g) 12,30<br \/>\nValgud (g) 2,60<br \/>\nSool (g) 0,10<\/p>\n","protected":false},"excerpt":{"rendered":"<p>Koostis: Osaliselt kooritud PIIM, taastatud kooritud PIIM, suhkur, puuviljamahl kontsentraadist 2,1% (ananassi 1%, virsiku 0,6%, apelsini 0,25%, maasika 0,25%), dekstroos, modifitseeritud tapiot\u00e4rklis, pektiin, looduslikud l\u00f5hna- ja maitseained, JOGURTifermendid ja Lacobacillus casei CNCM I.1518 (mitte v\u00e4hem kui 10\u2078 \u00fchikut\/g), happesuse regulaator (sidrunhape) vitamiin B6, D-vitamiin. Allergeenid: Piim Toitumisalane teave 100 grammi kohta: Energiasisaldus (KJ\/Kcal) 326,4kJ\/78kcal Rasvad [&hellip;]<\/p>\n","protected":false},"featured_media":127605,"template":"","meta":{"_acf_changed":false},"product_brand":[],"product_cat":[125],"product_tag":[],"class_list":{"0":"post-127604","1":"product","2":"type-product","3":"status-publish","4":"has-post-thumbnail","6":"product_cat-piimad_koored","8":"first","9":"instock","10":"taxable","11":"shipping-taxable","12":"purchasable","13":"product-type-simple"},"acf":[],"yoast_head":"<!-- This site is optimized with the Yoast SEO plugin v26.8 - https:\/\/yoast.com\/product\/yoast-seo-wordpress\/ -->\n<title>ACTIMEL PUUVILJA 4*100GR - Sinu Pood - E-pood<\/title>\n<meta name=\"robots\" content=\"index, follow, max-snippet:-1, max-image-preview:large, max-video-preview:-1\" \/>\n<link rel=\"canonical\" href=\"https:\/\/sinuepood.ee\/ru\/product\/actimel-pudel-1-54-100gr-puuvilia\/\" \/>\n<meta property=\"og:locale\" content=\"ru_RU\" \/>\n<meta property=\"og:type\" content=\"article\" \/>\n<meta property=\"og:title\" content=\"ACTIMEL PUUVILJA 4*100GR - Sinu Pood - E-pood\" \/>\n<meta property=\"og:description\" content=\"Koostis: Osaliselt kooritud PIIM, taastatud kooritud PIIM, suhkur, puuviljamahl kontsentraadist 2,1% (ananassi 1%, virsiku 0,6%, apelsini 0,25%, maasika 0,25%), dekstroos, modifitseeritud tapiot\u00e4rklis, pektiin, looduslikud l\u00f5hna- ja maitseained, JOGURTifermendid ja Lacobacillus casei CNCM I.1518 (mitte v\u00e4hem kui 10\u2078 \u00fchikut\/g), happesuse regulaator (sidrunhape) vitamiin B6, D-vitamiin. Allergeenid: Piim Toitumisalane teave 100 grammi kohta: Energiasisaldus (KJ\/Kcal) 326,4kJ\/78kcal Rasvad [&hellip;]\" \/>\n<meta property=\"og:url\" content=\"https:\/\/sinuepood.ee\/ru\/product\/actimel-pudel-1-54-100gr-puuvilia\/\" \/>\n<meta property=\"og:site_name\" content=\"Sinu Pood - E-pood\" \/>\n<meta property=\"article:modified_time\" content=\"2026-04-18T23:01:47+00:00\" \/>\n<meta property=\"og:image\" content=\"https:\/\/sinuepood.ee\/wp-content\/uploads\/product_images\/47500891.jpg\" \/>\n\t<meta property=\"og:image:width\" content=\"600\" \/>\n\t<meta property=\"og:image:height\" content=\"600\" \/>\n\t<meta property=\"og:image:type\" content=\"image\/jpeg\" \/>\n<meta name=\"twitter:card\" content=\"summary_large_image\" \/>\n<meta name=\"twitter:label1\" content=\"\u041f\u0440\u0438\u043c\u0435\u0440\u043d\u043e\u0435 \u0432\u0440\u0435\u043c\u044f \u0434\u043b\u044f \u0447\u0442\u0435\u043d\u0438\u044f\" \/>\n\t<meta name=\"twitter:data1\" content=\"1 \u043c\u0438\u043d\u0443\u0442\u0430\" \/>\n<script type=\"application\/ld+json\" class=\"yoast-schema-graph\">{\"@context\":\"https:\/\/schema.org\",\"@graph\":[{\"@type\":\"WebPage\",\"@id\":\"https:\/\/sinuepood.ee\/ru\/product\/actimel-pudel-1-54-100gr-puuvilia\/\",\"url\":\"https:\/\/sinuepood.ee\/ru\/product\/actimel-pudel-1-54-100gr-puuvilia\/\",\"name\":\"ACTIMEL PUUVILJA 4*100GR - Sinu Pood - E-pood\",\"isPartOf\":{\"@id\":\"https:\/\/sinuepood.ee\/ru\/#website\"},\"primaryImageOfPage\":{\"@id\":\"https:\/\/sinuepood.ee\/ru\/product\/actimel-pudel-1-54-100gr-puuvilia\/#primaryimage\"},\"image\":{\"@id\":\"https:\/\/sinuepood.ee\/ru\/product\/actimel-pudel-1-54-100gr-puuvilia\/#primaryimage\"},\"thumbnailUrl\":\"https:\/\/sinuepood.ee\/wp-content\/uploads\/product_images\/47500891.jpg\",\"datePublished\":\"2021-03-15T16:02:59+00:00\",\"dateModified\":\"2026-04-18T23:01:47+00:00\",\"breadcrumb\":{\"@id\":\"https:\/\/sinuepood.ee\/ru\/product\/actimel-pudel-1-54-100gr-puuvilia\/#breadcrumb\"},\"inLanguage\":\"ru-RU\",\"potentialAction\":[{\"@type\":\"ReadAction\",\"target\":[\"https:\/\/sinuepood.ee\/ru\/product\/actimel-pudel-1-54-100gr-puuvilia\/\"]}]},{\"@type\":\"ImageObject\",\"inLanguage\":\"ru-RU\",\"@id\":\"https:\/\/sinuepood.ee\/ru\/product\/actimel-pudel-1-54-100gr-puuvilia\/#primaryimage\",\"url\":\"https:\/\/sinuepood.ee\/wp-content\/uploads\/product_images\/47500891.jpg\",\"contentUrl\":\"https:\/\/sinuepood.ee\/wp-content\/uploads\/product_images\/47500891.jpg\",\"width\":600,\"height\":600},{\"@type\":\"BreadcrumbList\",\"@id\":\"https:\/\/sinuepood.ee\/ru\/product\/actimel-pudel-1-54-100gr-puuvilia\/#breadcrumb\",\"itemListElement\":[{\"@type\":\"ListItem\",\"position\":1,\"name\":\"Home\",\"item\":\"https:\/\/sinuepood.ee\/ru\/\"},{\"@type\":\"ListItem\",\"position\":2,\"name\":\"Shop\",\"item\":\"https:\/\/sinuepood.ee\/shop\/\"},{\"@type\":\"ListItem\",\"position\":3,\"name\":\"ACTIMEL PUUVILJA 4*100GR\"}]},{\"@type\":\"WebSite\",\"@id\":\"https:\/\/sinuepood.ee\/ru\/#website\",\"url\":\"https:\/\/sinuepood.ee\/ru\/\",\"name\":\"Sinu Pood - E-pood\",\"description\":\"\",\"potentialAction\":[{\"@type\":\"SearchAction\",\"target\":{\"@type\":\"EntryPoint\",\"urlTemplate\":\"https:\/\/sinuepood.ee\/ru\/?s={search_term_string}\"},\"query-input\":{\"@type\":\"PropertyValueSpecification\",\"valueRequired\":true,\"valueName\":\"search_term_string\"}}],\"inLanguage\":\"ru-RU\"}]}<\/script>\n<!-- \/ Yoast SEO plugin. -->","yoast_head_json":{"title":"ACTIMEL PUUVILJA 4*100GR - Sinu Pood - E-pood","robots":{"index":"index","follow":"follow","max-snippet":"max-snippet:-1","max-image-preview":"max-image-preview:large","max-video-preview":"max-video-preview:-1"},"canonical":"https:\/\/sinuepood.ee\/ru\/product\/actimel-pudel-1-54-100gr-puuvilia\/","og_locale":"ru_RU","og_type":"article","og_title":"ACTIMEL PUUVILJA 4*100GR - Sinu Pood - E-pood","og_description":"Koostis: Osaliselt kooritud PIIM, taastatud kooritud PIIM, suhkur, puuviljamahl kontsentraadist 2,1% (ananassi 1%, virsiku 0,6%, apelsini 0,25%, maasika 0,25%), dekstroos, modifitseeritud tapiot\u00e4rklis, pektiin, looduslikud l\u00f5hna- ja maitseained, JOGURTifermendid ja Lacobacillus casei CNCM I.1518 (mitte v\u00e4hem kui 10\u2078 \u00fchikut\/g), happesuse regulaator (sidrunhape) vitamiin B6, D-vitamiin. Allergeenid: Piim Toitumisalane teave 100 grammi kohta: Energiasisaldus (KJ\/Kcal) 326,4kJ\/78kcal Rasvad [&hellip;]","og_url":"https:\/\/sinuepood.ee\/ru\/product\/actimel-pudel-1-54-100gr-puuvilia\/","og_site_name":"Sinu Pood - E-pood","article_modified_time":"2026-04-18T23:01:47+00:00","og_image":[{"width":600,"height":600,"url":"https:\/\/sinuepood.ee\/wp-content\/uploads\/product_images\/47500891.jpg","type":"image\/jpeg"}],"twitter_card":"summary_large_image","twitter_misc":{"\u041f\u0440\u0438\u043c\u0435\u0440\u043d\u043e\u0435 \u0432\u0440\u0435\u043c\u044f \u0434\u043b\u044f \u0447\u0442\u0435\u043d\u0438\u044f":"1 \u043c\u0438\u043d\u0443\u0442\u0430"},"schema":{"@context":"https:\/\/schema.org","@graph":[{"@type":"WebPage","@id":"https:\/\/sinuepood.ee\/ru\/product\/actimel-pudel-1-54-100gr-puuvilia\/","url":"https:\/\/sinuepood.ee\/ru\/product\/actimel-pudel-1-54-100gr-puuvilia\/","name":"ACTIMEL PUUVILJA 4*100GR - Sinu Pood - E-pood","isPartOf":{"@id":"https:\/\/sinuepood.ee\/ru\/#website"},"primaryImageOfPage":{"@id":"https:\/\/sinuepood.ee\/ru\/product\/actimel-pudel-1-54-100gr-puuvilia\/#primaryimage"},"image":{"@id":"https:\/\/sinuepood.ee\/ru\/product\/actimel-pudel-1-54-100gr-puuvilia\/#primaryimage"},"thumbnailUrl":"https:\/\/sinuepood.ee\/wp-content\/uploads\/product_images\/47500891.jpg","datePublished":"2021-03-15T16:02:59+00:00","dateModified":"2026-04-18T23:01:47+00:00","breadcrumb":{"@id":"https:\/\/sinuepood.ee\/ru\/product\/actimel-pudel-1-54-100gr-puuvilia\/#breadcrumb"},"inLanguage":"ru-RU","potentialAction":[{"@type":"ReadAction","target":["https:\/\/sinuepood.ee\/ru\/product\/actimel-pudel-1-54-100gr-puuvilia\/"]}]},{"@type":"ImageObject","inLanguage":"ru-RU","@id":"https:\/\/sinuepood.ee\/ru\/product\/actimel-pudel-1-54-100gr-puuvilia\/#primaryimage","url":"https:\/\/sinuepood.ee\/wp-content\/uploads\/product_images\/47500891.jpg","contentUrl":"https:\/\/sinuepood.ee\/wp-content\/uploads\/product_images\/47500891.jpg","width":600,"height":600},{"@type":"BreadcrumbList","@id":"https:\/\/sinuepood.ee\/ru\/product\/actimel-pudel-1-54-100gr-puuvilia\/#breadcrumb","itemListElement":[{"@type":"ListItem","position":1,"name":"Home","item":"https:\/\/sinuepood.ee\/ru\/"},{"@type":"ListItem","position":2,"name":"Shop","item":"https:\/\/sinuepood.ee\/shop\/"},{"@type":"ListItem","position":3,"name":"ACTIMEL PUUVILJA 4*100GR"}]},{"@type":"WebSite","@id":"https:\/\/sinuepood.ee\/ru\/#website","url":"https:\/\/sinuepood.ee\/ru\/","name":"Sinu Pood - E-pood","description":"","potentialAction":[{"@type":"SearchAction","target":{"@type":"EntryPoint","urlTemplate":"https:\/\/sinuepood.ee\/ru\/?s={search_term_string}"},"query-input":{"@type":"PropertyValueSpecification","valueRequired":true,"valueName":"search_term_string"}}],"inLanguage":"ru-RU"}]}},"_links":{"self":[{"href":"https:\/\/sinuepood.ee\/ru\/wp-json\/wp\/v2\/product\/127604","targetHints":{"allow":["GET"]}}],"collection":[{"href":"https:\/\/sinuepood.ee\/ru\/wp-json\/wp\/v2\/product"}],"about":[{"href":"https:\/\/sinuepood.ee\/ru\/wp-json\/wp\/v2\/types\/product"}],"wp:featuredmedia":[{"embeddable":true,"href":"https:\/\/sinuepood.ee\/ru\/wp-json\/wp\/v2\/media\/127605"}],"wp:attachment":[{"href":"https:\/\/sinuepood.ee\/ru\/wp-json\/wp\/v2\/media?parent=127604"}],"wp:term":[{"taxonomy":"product_brand","embeddable":true,"href":"https:\/\/sinuepood.ee\/ru\/wp-json\/wp\/v2\/product_brand?post=127604"},{"taxonomy":"product_cat","embeddable":true,"href":"https:\/\/sinuepood.ee\/ru\/wp-json\/wp\/v2\/product_cat?post=127604"},{"taxonomy":"product_tag","embeddable":true,"href":"https:\/\/sinuepood.ee\/ru\/wp-json\/wp\/v2\/product_tag?post=127604"}],"curies":[{"name":"wp","href":"https:\/\/api.w.org\/{rel}","templated":true}]}}